{"id":1523,"date":"2024-12-23T16:13:47","date_gmt":"2024-12-24T00:13:47","guid":{"rendered":"https:\/\/6-lab.com\/thank-you\/"},"modified":"2025-01-22T12:54:12","modified_gmt":"2025-01-22T20:54:12","slug":"merci","status":"publish","type":"page","link":"https:\/\/6-lab.com\/fr\/merci\/","title":{"rendered":"Merci"},"content":{"rendered":"<p>Votre abonnement a \u00e9t\u00e9 configur\u00e9 avec succ\u00e8s.<br \/><code class=\"\"><script id=\"confetti-trigger\">document.addEventListener( 'DOMContentLoaded', function( event ) { document.dispatchEvent( new CustomEvent( 'confetti' ) ); } );<\/script><\/code><\/p>\n\n\n<p><\/p>","protected":false},"excerpt":{"rendered":"<p>Votre abonnement a \u00e9t\u00e9 configur\u00e9 avec succ\u00e8s.<\/p>","protected":false},"author":2,"featured_media":0,"parent":0,"menu_order":0,"comment_status":"closed","ping_status":"closed","template":"","meta":{"_et_pb_use_builder":"","_et_pb_old_content":"","_et_gb_content_width":"","footnotes":""},"class_list":["post-1523","page","type-page","status-publish","hentry"],"_links":{"self":[{"href":"https:\/\/6-lab.com\/fr\/wp-json\/wp\/v2\/pages\/1523","targetHints":{"allow":["GET"]}}],"collection":[{"href":"https:\/\/6-lab.com\/fr\/wp-json\/wp\/v2\/pages"}],"about":[{"href":"https:\/\/6-lab.com\/fr\/wp-json\/wp\/v2\/types\/page"}],"author":[{"embeddable":true,"href":"https:\/\/6-lab.com\/fr\/wp-json\/wp\/v2\/users\/2"}],"replies":[{"embeddable":true,"href":"https:\/\/6-lab.com\/fr\/wp-json\/wp\/v2\/comments?post=1523"}],"version-history":[{"count":3,"href":"https:\/\/6-lab.com\/fr\/wp-json\/wp\/v2\/pages\/1523\/revisions"}],"predecessor-version":[{"id":1748,"href":"https:\/\/6-lab.com\/fr\/wp-json\/wp\/v2\/pages\/1523\/revisions\/1748"}],"wp:attachment":[{"href":"https:\/\/6-lab.com\/fr\/wp-json\/wp\/v2\/media?parent=1523"}],"curies":[{"name":"wp","href":"https:\/\/api.w.org\/{rel}","templated":true}]}}